{"id":897,"date":"2022-08-09T17:32:23","date_gmt":"2022-08-09T15:32:23","guid":{"rendered":"https:\/\/www.psvaadorf.ch\/?page_id=897"},"modified":"2024-11-04T14:01:50","modified_gmt":"2024-11-04T13:01:50","slug":"schnuppertag-sportschiessen","status":"publish","type":"page","link":"https:\/\/www.psvaadorf.ch\/index.php\/schnuppertag-sportschiessen\/","title":{"rendered":"Schnuppertag Sportschiessen"},"content":{"rendered":"\n<p><strong>Schiessen als Sport <\/strong><br>Erfolgreich durchgef\u00fchrter Schnuppertag am 29. April 2023<\/p>\n\n\n\n<figure class=\"wp-block-image size-large\"><img loading=\"lazy\" decoding=\"async\" width=\"1024\" height=\"470\" src=\"https:\/\/www.psvaadorf.ch\/wp-content\/uploads\/Schuppertag-2023-04-29-1024x470.jpg\" alt=\"\" class=\"wp-image-1493\" srcset=\"https:\/\/www.psvaadorf.ch\/wp-content\/uploads\/Schuppertag-2023-04-29-1024x470.jpg 1024w, https:\/\/www.psvaadorf.ch\/wp-content\/uploads\/Schuppertag-2023-04-29-300x138.jpg 300w, https:\/\/www.psvaadorf.ch\/wp-content\/uploads\/Schuppertag-2023-04-29-768x353.jpg 768w, https:\/\/www.psvaadorf.ch\/wp-content\/uploads\/Schuppertag-2023-04-29.jpg 1080w\" sizes=\"auto, (max-width: 767px) 89vw, (max-width: 1000px) 54vw, (max-width: 1071px) 543px, 580px\" \/><figcaption class=\"wp-element-caption\">Quelle: Elgger \/ Aadorfer Zeitung vom 06 Mai 2023 \/ Julia Mantel<\/figcaption><\/figure>\n\n\n\n<figure class=\"wp-block-image size-large\"><a href=\"https:\/\/www.psvaadorf.ch\/wp-content\/uploads\/ELGG_004_06052023.png\"><img loading=\"lazy\" decoding=\"async\" width=\"1024\" height=\"573\" src=\"https:\/\/www.psvaadorf.ch\/wp-content\/uploads\/ELGG_004_06052023-1024x573.png\" alt=\"\" class=\"wp-image-1488\" srcset=\"https:\/\/www.psvaadorf.ch\/wp-content\/uploads\/ELGG_004_06052023-1024x573.png 1024w, https:\/\/www.psvaadorf.ch\/wp-content\/uploads\/ELGG_004_06052023-300x168.png 300w, https:\/\/www.psvaadorf.ch\/wp-content\/uploads\/ELGG_004_06052023-768x430.png 768w, https:\/\/www.psvaadorf.ch\/wp-content\/uploads\/ELGG_004_06052023-1536x860.png 1536w, https:\/\/www.psvaadorf.ch\/wp-content\/uploads\/ELGG_004_06052023-2048x1146.png 2048w\" sizes=\"auto, (max-width: 767px) 89vw, (max-width: 1000px) 54vw, (max-width: 1071px) 543px, 580px\" \/><\/a><figcaption class=\"wp-element-caption\">Quelle: Elgger \/ Aadorfer Zeitung vom 06 Mai 2023 \/ Julia Mantel<\/figcaption><\/figure>\n\n\n\n<p><br>Wir, vom Pistolensch\u00fctzenverein Aadorf, m\u00f6chten Dir das Pistolenschiessen von der sportlichen Art n\u00e4herbringen. Sicherheitsvorschriften, Konzentration, positives Denken und Durchhaltewillen sind einige Eigenschaften die im sportlichen Schiessen gefragt sind.<\/p>\n\n\n<div class=\"wp-block-image\">\n<figure class=\"aligncenter size-large is-resized\"><img loading=\"lazy\" decoding=\"async\" width=\"768\" height=\"1024\" src=\"https:\/\/www.psvaadorf.ch\/wp-content\/uploads\/2022-Schnuppertag-768x1024.jpg\" alt=\"\" class=\"wp-image-907\" style=\"width:384px;height:512px\" srcset=\"https:\/\/www.psvaadorf.ch\/wp-content\/uploads\/2022-Schnuppertag-768x1024.jpg 768w, https:\/\/www.psvaadorf.ch\/wp-content\/uploads\/2022-Schnuppertag-225x300.jpg 225w, https:\/\/www.psvaadorf.ch\/wp-content\/uploads\/2022-Schnuppertag-1152x1536.jpg 1152w, https:\/\/www.psvaadorf.ch\/wp-content\/uploads\/2022-Schnuppertag-1536x2048.jpg 1536w, https:\/\/www.psvaadorf.ch\/wp-content\/uploads\/2022-Schnuppertag-scaled.jpg 1920w\" sizes=\"auto, (max-width: 767px) 89vw, (max-width: 1000px) 54vw, (max-width: 1071px) 543px, 580px\" \/><\/figure>\n<\/div>\n\n\n<p>Die verschiedenen Waffenarten, Distanzen und Schiess\u00fcbungen werden wir zeigen und direkt auch erleben.<br>Wir freuen uns auf Dich ab 10 Jahren, sowie Eltern und auch Erwachsene die interessiert sind an dieser Sportart. <a href=\"https:\/\/www.psvaadorf.ch\/wp-content\/uploads\/Anmeldung-Neumitglied.pdf\" data-type=\"attachment\" data-id=\"1486\" target=\"_blank\" rel=\"noreferrer noopener\">Anmeldung<\/a><\/p>\n","protected":false},"excerpt":{"rendered":"<p>Schiessen als Sport Erfolgreich durchgef\u00fchrter Schnuppertag am 29. April 2023 Wir, vom Pistolensch\u00fctzenverein Aadorf, m\u00f6chten Dir das Pistolenschiessen von der sportlichen Art n\u00e4herbringen. Sicherheitsvorschriften, Konzentration, positives Denken und Durchhaltewillen sind &hellip; <\/p>\n<p class=\"link-more\"><a href=\"https:\/\/www.psvaadorf.ch\/index.php\/schnuppertag-sportschiessen\/\" class=\"more-link\"><span class=\"screen-reader-text\">\u201eSchnuppertag Sportschiessen\u201c<\/span> weiterlesen<\/a><\/p>\n","protected":false},"author":1,"featured_media":0,"parent":0,"menu_order":0,"comment_status":"closed","ping_status":"closed","template":"","meta":{"footnotes":""},"class_list":["post-897","page","type-page","status-publish","hentry"],"_links":{"self":[{"href":"https:\/\/www.psvaadorf.ch\/index.php\/wp-json\/wp\/v2\/pages\/897","targetHints":{"allow":["GET"]}}],"collection":[{"href":"https:\/\/www.psvaadorf.ch\/index.php\/wp-json\/wp\/v2\/pages"}],"about":[{"href":"https:\/\/www.psvaadorf.ch\/index.php\/wp-json\/wp\/v2\/types\/page"}],"author":[{"embeddable":true,"href":"https:\/\/www.psvaadorf.ch\/index.php\/wp-json\/wp\/v2\/users\/1"}],"replies":[{"embeddable":true,"href":"https:\/\/www.psvaadorf.ch\/index.php\/wp-json\/wp\/v2\/comments?post=897"}],"version-history":[{"count":13,"href":"https:\/\/www.psvaadorf.ch\/index.php\/wp-json\/wp\/v2\/pages\/897\/revisions"}],"predecessor-version":[{"id":2273,"href":"https:\/\/www.psvaadorf.ch\/index.php\/wp-json\/wp\/v2\/pages\/897\/revisions\/2273"}],"wp:attachment":[{"href":"https:\/\/www.psvaadorf.ch\/index.php\/wp-json\/wp\/v2\/media?parent=897"}],"curies":[{"name":"wp","href":"https:\/\/api.w.org\/{rel}","templated":true}]}}