{"id":274,"date":"2020-12-29T14:19:24","date_gmt":"2020-12-29T13:19:24","guid":{"rendered":"https:\/\/new.psvaadorf.ch\/?page_id=274"},"modified":"2026-01-07T11:07:11","modified_gmt":"2026-01-07T10:07:11","slug":"luetzelmurgschiessen","status":"publish","type":"page","link":"https:\/\/www.psvaadorf.ch\/index.php\/luetzelmurgschiessen\/","title":{"rendered":"L\u00fctzelmurgschiessen"},"content":{"rendered":"\n<p>Die Mitglieder des PSV Aadorf haben sich entschieden, in der sehr sch\u00f6nen Schiessanlage von Aadorf ein j\u00e4hrlich wiederkehrendes Schiessen durchzuf\u00fchren. Da durch Aadorf die L\u00fctzelmurg fliesst und diese auch symbolisch im Aadorfer Wappen enthalten ist, hat sich das Organisationskomitee f\u00fcr den Namen L\u00fctzelmurgschiessen entschieden.<br>Das Sch\u00fctzenfest kann dank unseren treuen Sponsoren durchgef\u00fchrt werden.<\/p>\n\n\n\n<h2 class=\"wp-block-heading\">Wir laden Sie herzlich zur Teilnahme ein.<\/h2>\n\n\n\n<p>Die Kurzinformationen sind in einem\u00a0<strong><a href=\"https:\/\/www.psvaadorf.ch\/wp-content\/uploads\/Luetzelmurg-flyer-neues-Logo.pdf\" data-type=\"attachment\" data-id=\"3147\" target=\"_blank\" rel=\"noreferrer noopener\">Flyer 2026<\/a><\/strong> zusammengestellt.<br>Der <strong><a href=\"https:\/\/www.psvaadorf.ch\/wp-content\/uploads\/2026-Schiessplan-14._Lutzelmurgschiessen_Aadorf.pdf\" target=\"_blank\" rel=\"noreferrer noopener\">Schiessplan 2026<\/a><\/strong> ist genehmigt und kann heruntergeladen werden.<br>Das<a href=\"https:\/\/www.psvaadorf.ch\/wp-content\/uploads\/Schiessbuechlein_2025-web.pdf\" data-type=\"attachment\" data-id=\"2654\" target=\"_blank\" rel=\"noreferrer noopener\"> <\/a><strong>Schiessb\u00fcchlein 2026<\/strong> im PDF Format ist noch nicht verf\u00fcgbar.<br>Es sind keine Anmeldungen notwendig.<\/p>\n\n\n\n<figure class=\"wp-block-image size-full is-resized\"><img loading=\"lazy\" decoding=\"async\" width=\"790\" height=\"704\" src=\"https:\/\/www.psvaadorf.ch\/wp-content\/uploads\/Flyer-Lue-Web-neues-Logo.png\" alt=\"\" class=\"wp-image-3145\" style=\"width:385px;height:auto\" srcset=\"https:\/\/www.psvaadorf.ch\/wp-content\/uploads\/Flyer-Lue-Web-neues-Logo.png 790w, https:\/\/www.psvaadorf.ch\/wp-content\/uploads\/Flyer-Lue-Web-neues-Logo-300x267.png 300w, https:\/\/www.psvaadorf.ch\/wp-content\/uploads\/Flyer-Lue-Web-neues-Logo-768x684.png 768w\" sizes=\"auto, (max-width: 767px) 89vw, (max-width: 1000px) 54vw, (max-width: 1071px) 543px, 580px\" \/><\/figure>\n\n\n\n<p>Diese Fest kann dank der Unterst\u00fctzung unserer <a href=\"https:\/\/www.psvaadorf.ch\/index.php\/sponsoren\/\" data-type=\"page\" data-id=\"276\" target=\"_blank\" rel=\"noreferrer noopener\"><strong>Sponsoren<\/strong><\/a> durchgef\u00fchrt werden.<br>Unterst\u00fctzen sie uns, indem sie beim n\u00e4chsten Einkauf unsere <a href=\"https:\/\/www.psvaadorf.ch\/index.php\/sponsoren\/\" data-type=\"page\" data-id=\"276\" target=\"_blank\" rel=\"noreferrer noopener\"><strong>Sponsoren<\/strong><\/a> ber\u00fccksichtigen.<br>Vielen Dank .<\/p>\n","protected":false},"excerpt":{"rendered":"<p>Die Mitglieder des PSV Aadorf haben sich entschieden, in der sehr sch\u00f6nen Schiessanlage von Aadorf ein j\u00e4hrlich wiederkehrendes Schiessen durchzuf\u00fchren. Da durch Aadorf die L\u00fctzelmurg fliesst und diese auch symbolisch &hellip; <\/p>\n<p class=\"link-more\"><a href=\"https:\/\/www.psvaadorf.ch\/index.php\/luetzelmurgschiessen\/\" class=\"more-link\"><span class=\"screen-reader-text\">\u201eL\u00fctzelmurgschiessen\u201c<\/span> weiterlesen<\/a><\/p>\n","protected":false},"author":1,"featured_media":0,"parent":0,"menu_order":0,"comment_status":"closed","ping_status":"closed","template":"","meta":{"footnotes":""},"class_list":["post-274","page","type-page","status-publish","hentry"],"_links":{"self":[{"href":"https:\/\/www.psvaadorf.ch\/index.php\/wp-json\/wp\/v2\/pages\/274","targetHints":{"allow":["GET"]}}],"collection":[{"href":"https:\/\/www.psvaadorf.ch\/index.php\/wp-json\/wp\/v2\/pages"}],"about":[{"href":"https:\/\/www.psvaadorf.ch\/index.php\/wp-json\/wp\/v2\/types\/page"}],"author":[{"embeddable":true,"href":"https:\/\/www.psvaadorf.ch\/index.php\/wp-json\/wp\/v2\/users\/1"}],"replies":[{"embeddable":true,"href":"https:\/\/www.psvaadorf.ch\/index.php\/wp-json\/wp\/v2\/comments?post=274"}],"version-history":[{"count":44,"href":"https:\/\/www.psvaadorf.ch\/index.php\/wp-json\/wp\/v2\/pages\/274\/revisions"}],"predecessor-version":[{"id":3185,"href":"https:\/\/www.psvaadorf.ch\/index.php\/wp-json\/wp\/v2\/pages\/274\/revisions\/3185"}],"wp:attachment":[{"href":"https:\/\/www.psvaadorf.ch\/index.php\/wp-json\/wp\/v2\/media?parent=274"}],"curies":[{"name":"wp","href":"https:\/\/api.w.org\/{rel}","templated":true}]}}