{"id":253,"date":"2020-12-28T15:51:02","date_gmt":"2020-12-28T14:51:02","guid":{"rendered":"https:\/\/new.psvaadorf.ch\/?page_id=253"},"modified":"2021-07-17T09:36:24","modified_gmt":"2021-07-17T07:36:24","slug":"schuetzenstube","status":"publish","type":"page","link":"https:\/\/www.psvaadorf.ch\/index.php\/schuetzenstube\/","title":{"rendered":"Sch\u00fctzenstube"},"content":{"rendered":"\n<p>Sch\u00f6ne heimelige Sch\u00fctzenstube mit 50 Sitzpl\u00e4tzen.<\/p>\n\n\n\n<figure class=\"wp-block-image size-large is-resized\"><img loading=\"lazy\" decoding=\"async\" src=\"https:\/\/www.psvaadorf.ch\/wp-content\/uploads\/schuetzenstube-links-web.jpg\" alt=\"\" class=\"wp-image-254\" width=\"375\" height=\"281\" srcset=\"https:\/\/www.psvaadorf.ch\/wp-content\/uploads\/schuetzenstube-links-web.jpg 448w, https:\/\/www.psvaadorf.ch\/wp-content\/uploads\/schuetzenstube-links-web-300x225.jpg 300w\" sizes=\"auto, (max-width: 375px) 100vw, 375px\" \/><\/figure>\n\n\n\n<p>Vermietung ausschliesslich an Mitglieder eines Vereins in der politischen Gemeinde Aadorf.<\/p>\n\n\n\n<figure class=\"wp-block-image size-large is-resized\"><img loading=\"lazy\" decoding=\"async\" src=\"https:\/\/www.psvaadorf.ch\/wp-content\/uploads\/schuetzenstube-web.jpg\" alt=\"\" class=\"wp-image-255\" width=\"380\" height=\"285\" srcset=\"https:\/\/www.psvaadorf.ch\/wp-content\/uploads\/schuetzenstube-web.jpg 448w, https:\/\/www.psvaadorf.ch\/wp-content\/uploads\/schuetzenstube-web-300x225.jpg 300w\" sizes=\"auto, (max-width: 380px) 100vw, 380px\" \/><\/figure>\n\n\n\n<p><strong>Vermietung<\/strong><br>Veronika Zbinden<br>Br\u00fchlstrasse 9<br>8355 Aadorf<\/p>\n\n\n\n<p>Tel.:         +41 (0)78 678 25 90<br>E-Mail: veronika.zbinden@bluewin.ch<\/p>\n","protected":false},"excerpt":{"rendered":"<p>Sch\u00f6ne heimelige Sch\u00fctzenstube mit 50 Sitzpl\u00e4tzen. Vermietung ausschliesslich an Mitglieder eines Vereins in der politischen Gemeinde Aadorf. VermietungVeronika ZbindenBr\u00fchlstrasse 98355 Aadorf Tel.: +41 (0)78 678 25 90E-Mail: veronika.zbinden@bluewin.ch<\/p>\n","protected":false},"author":1,"featured_media":0,"parent":0,"menu_order":0,"comment_status":"closed","ping_status":"closed","template":"","meta":{"footnotes":""},"class_list":["post-253","page","type-page","status-publish","hentry"],"_links":{"self":[{"href":"https:\/\/www.psvaadorf.ch\/index.php\/wp-json\/wp\/v2\/pages\/253","targetHints":{"allow":["GET"]}}],"collection":[{"href":"https:\/\/www.psvaadorf.ch\/index.php\/wp-json\/wp\/v2\/pages"}],"about":[{"href":"https:\/\/www.psvaadorf.ch\/index.php\/wp-json\/wp\/v2\/types\/page"}],"author":[{"embeddable":true,"href":"https:\/\/www.psvaadorf.ch\/index.php\/wp-json\/wp\/v2\/users\/1"}],"replies":[{"embeddable":true,"href":"https:\/\/www.psvaadorf.ch\/index.php\/wp-json\/wp\/v2\/comments?post=253"}],"version-history":[{"count":2,"href":"https:\/\/www.psvaadorf.ch\/index.php\/wp-json\/wp\/v2\/pages\/253\/revisions"}],"predecessor-version":[{"id":366,"href":"https:\/\/www.psvaadorf.ch\/index.php\/wp-json\/wp\/v2\/pages\/253\/revisions\/366"}],"wp:attachment":[{"href":"https:\/\/www.psvaadorf.ch\/index.php\/wp-json\/wp\/v2\/media?parent=253"}],"curies":[{"name":"wp","href":"https:\/\/api.w.org\/{rel}","templated":true}]}}