{"id":216,"date":"2020-10-10T15:54:17","date_gmt":"2020-10-10T13:54:17","guid":{"rendered":"https:\/\/new.psvaadorf.ch\/?page_id=216"},"modified":"2026-01-28T14:24:19","modified_gmt":"2026-01-28T13:24:19","slug":"mitglied-werden","status":"publish","type":"page","link":"https:\/\/www.psvaadorf.ch\/index.php\/mitglied-werden\/","title":{"rendered":"Wir freuen uns auf Dich als Neumitglied"},"content":{"rendered":"\n<p class=\"has-text-align-left\"><strong>Jugendliche oder Jung-gebliebene \u2013 macht mit !<\/strong><\/p>\n\n\n\n<p class=\"has-text-align-left\"><strong>Worauf kommt es beim Schiessen an?<\/strong><br><br><strong>Verantwortung<\/strong><br>Sich selbst und der Waffe gegen\u00fcber. Selbstdisziplin und der verantwortungsvolle Umgang sind Eigenschaften die mit dem Schiesssport gelernt werden und in vielen anderen Lebenslagen ebenfalls wertvoll sind. Geschossen wird mit Klein- und Grosskaliber-Pistolen auf Papierscheiben im 25m\/50m Aussen-Stand sowie in den Wintermonaten mit der Luftpistole im 10m-Innenraum.<\/p>\n\n\n\n<figure class=\"wp-block-image size-large is-resized\"><img loading=\"lazy\" decoding=\"async\" width=\"1024\" height=\"575\" src=\"https:\/\/www.psvaadorf.ch\/wp-content\/uploads\/Kurs-182.2-1024x575.jpg\" alt=\"\" class=\"wp-image-218\" style=\"width:545px;height:306px\" srcset=\"https:\/\/www.psvaadorf.ch\/wp-content\/uploads\/Kurs-182.2-1024x575.jpg 1024w, https:\/\/www.psvaadorf.ch\/wp-content\/uploads\/Kurs-182.2-300x168.jpg 300w, https:\/\/www.psvaadorf.ch\/wp-content\/uploads\/Kurs-182.2-768x431.jpg 768w, https:\/\/www.psvaadorf.ch\/wp-content\/uploads\/Kurs-182.2-1536x862.jpg 1536w, https:\/\/www.psvaadorf.ch\/wp-content\/uploads\/Kurs-182.2-2048x1150.jpg 2048w\" sizes=\"auto, (max-width: 767px) 89vw, (max-width: 1000px) 54vw, (max-width: 1071px) 543px, 580px\" \/><\/figure>\n\n\n\n<p class=\"has-text-align-left\"><strong>Konzentration<\/strong><br>Nervenkraft und Ausdauer sind n\u00f6tig, um hintereinander die Mitte zu treffen &#8211; Ohne innere Ruhe und etwas Kondition keine Chance. Doch gutes Training verhilft Dir zu guten Resultaten. Gerade diese F\u00e4higkeit, sich nicht ablenken zu lassen, hilft auch in Schule und Beruf.<\/p>\n\n\n\n<p><strong>Kameradschaft<\/strong><br>Obwohl jeder Sch\u00fctze f\u00fcr sich alleine trainiert, ist es trotzdem ein Mannschaftssport, vor allem bei internen wie externen Wettk\u00e4mpfen. Man gewinnt und verliert gemeinsam, baut sich auf und h\u00e4lt zusammen. Auch das Verh\u00e4ltnis zwischen den Schiessvereinen ist etwas Besonderes. Man tauscht sich aus, sitzt zusammen und ist sofort willkommen.<\/p>\n\n\n\n<p><strong>Das darfst Du erwarten<\/strong><br>Gute, betreute Ausbildung als Neusch\u00fctze \u2013 egal welchen Alters<br>Sofortige Integration in unser intaktes Vereinsleben<\/p>\n\n\n\n<p><strong>Das d\u00fcrfen wir von Dir erwarten<\/strong><br>Freude am sportlichen Schiessen<br>Disziplin und Ausdauer<br>Weiterbildung- und F\u00f6rderungsbereitschaft<br>Teilnahme an internen wie auch an externen Wettk\u00e4mpfen<br>Mitmachen \/ Mithilfe bei Vereinsanl\u00e4ssen<br>Pflege der Kameradschaft<\/p>\n\n\n\n<p><strong>Interessierte sind herzlich eingeladen, einen Blick in unsere Vereinsleben zu werfen<\/strong><\/p>\n\n\n\n<p><strong><a href=\"https:\/\/www.psvaadorf.ch\/wp-content\/uploads\/Neumitglieder-V-2026.pdf\" target=\"_blank\" rel=\"noreferrer noopener\">Anmeldung Neumitglied<\/a><\/strong><\/p>\n\n\n\n<p><\/p>\n","protected":false},"excerpt":{"rendered":"<p>Jugendliche oder Jung-gebliebene \u2013 macht mit ! Worauf kommt es beim Schiessen an? VerantwortungSich selbst und der Waffe gegen\u00fcber. Selbstdisziplin und der verantwortungsvolle Umgang sind Eigenschaften die mit dem Schiesssport &hellip; <\/p>\n<p class=\"link-more\"><a href=\"https:\/\/www.psvaadorf.ch\/index.php\/mitglied-werden\/\" class=\"more-link\"><span class=\"screen-reader-text\">\u201eWir freuen uns auf Dich als Neumitglied\u201c<\/span> weiterlesen<\/a><\/p>\n","protected":false},"author":1,"featured_media":0,"parent":0,"menu_order":0,"comment_status":"closed","ping_status":"closed","template":"","meta":{"footnotes":""},"class_list":["post-216","page","type-page","status-publish","hentry"],"_links":{"self":[{"href":"https:\/\/www.psvaadorf.ch\/index.php\/wp-json\/wp\/v2\/pages\/216","targetHints":{"allow":["GET"]}}],"collection":[{"href":"https:\/\/www.psvaadorf.ch\/index.php\/wp-json\/wp\/v2\/pages"}],"about":[{"href":"https:\/\/www.psvaadorf.ch\/index.php\/wp-json\/wp\/v2\/types\/page"}],"author":[{"embeddable":true,"href":"https:\/\/www.psvaadorf.ch\/index.php\/wp-json\/wp\/v2\/users\/1"}],"replies":[{"embeddable":true,"href":"https:\/\/www.psvaadorf.ch\/index.php\/wp-json\/wp\/v2\/comments?post=216"}],"version-history":[{"count":23,"href":"https:\/\/www.psvaadorf.ch\/index.php\/wp-json\/wp\/v2\/pages\/216\/revisions"}],"predecessor-version":[{"id":3239,"href":"https:\/\/www.psvaadorf.ch\/index.php\/wp-json\/wp\/v2\/pages\/216\/revisions\/3239"}],"wp:attachment":[{"href":"https:\/\/www.psvaadorf.ch\/index.php\/wp-json\/wp\/v2\/media?parent=216"}],"curies":[{"name":"wp","href":"https:\/\/api.w.org\/{rel}","templated":true}]}}