{"id":206,"date":"2020-08-10T15:24:01","date_gmt":"2020-08-10T13:24:01","guid":{"rendered":"https:\/\/new.psvaadorf.ch\/?page_id=206"},"modified":"2025-03-14T14:11:13","modified_gmt":"2025-03-14T13:11:13","slug":"schiesspflicht-gesetze","status":"publish","type":"page","link":"https:\/\/www.psvaadorf.ch\/index.php\/schiesspflicht-gesetze\/","title":{"rendered":"Schiesspflicht-Gesetze"},"content":{"rendered":"\n<p>In unseren <strong><a href=\"https:\/\/www.psvaadorf.ch\/wp-content\/uploads\/2025-PSV-Aadorf-Statuten-genehmigt_web.pdf\" data-type=\"attachment\" data-id=\"2563\" target=\"_blank\" rel=\"noreferrer noopener\">Statuten<\/a><\/strong>, g\u00fcltig ab Februar 2025, ist das Vereinsleben geregelt.<\/p>\n\n\n\n<p><strong><a href=\"https:\/\/www.sat.admin.ch\" target=\"_blank\" rel=\"noreferrer noopener\">Willkommen beim SAT &amp; SSV Admin<\/a><\/strong><br>Das zentrale Verwaltungssystem f\u00fcr das Schiesswesen, die ausserdienstliche T\u00e4tigkeiten und die Verbands- und Vereins- Administration.<br>So k\u00f6nnen zum Beispiel die Dokumente &#8222;Merkblatt f\u00fcr das Schiesswesen ausser Dienst&#8220;, &#8222;Schiesspflicht&#8220;, &#8222;Hilfsmitelverzeichnis&#8220;, &#8222;Munitionsbefehl&#8220; und vielen mehr im aktuellen Jahr heruntergeladen werden.<\/p>\n\n\n\n<p>Bei der&nbsp;<a rel=\"noreferrer noopener\" href=\"https:\/\/kapo.tg.ch\/ueber-uns\/fachstelle-waffen-und-sprengstoffe.html\/2252\" target=\"_blank\"><strong>&nbsp;Kantonspolizei Thurgau<\/strong> <\/a>wird \u00fcber das Waffengesetz mit verschiedenen Dokumenten aufgekl\u00e4rt.<\/p>\n\n\n\n<p>S\u00e4mtliche Informationen zum <a href=\"https:\/\/www.swissshooting.ch\/de\/schiesssport\/breitensport\/auflageschiessen\/\" target=\"_blank\" rel=\"noreferrer noopener\"><strong>Auflageschiessen<\/strong><\/a> findest beim <a href=\"https:\/\/www.swissshooting.ch\/de\/\" target=\"_blank\" rel=\"noreferrer noopener\"><strong>Schweizer Schiesssportverband<\/strong><\/a>.<\/p>\n\n\n\n<figure class=\"wp-block-image size-large\"><img loading=\"lazy\" decoding=\"async\" width=\"1024\" height=\"576\" src=\"https:\/\/www.psvaadorf.ch\/wp-content\/uploads\/PSV-Aadorf-4-Grundregeln-fuer-das-Schiessen-1024x576.webp\" alt=\"\" class=\"wp-image-2574\" srcset=\"https:\/\/www.psvaadorf.ch\/wp-content\/uploads\/PSV-Aadorf-4-Grundregeln-fuer-das-Schiessen-1024x576.webp 1024w, https:\/\/www.psvaadorf.ch\/wp-content\/uploads\/PSV-Aadorf-4-Grundregeln-fuer-das-Schiessen-300x169.webp 300w, https:\/\/www.psvaadorf.ch\/wp-content\/uploads\/PSV-Aadorf-4-Grundregeln-fuer-das-Schiessen-768x432.webp 768w, https:\/\/www.psvaadorf.ch\/wp-content\/uploads\/PSV-Aadorf-4-Grundregeln-fuer-das-Schiessen.webp 1058w\" sizes=\"auto, (max-width: 767px) 89vw, (max-width: 1000px) 54vw, (max-width: 1071px) 543px, 580px\" \/><\/figure>\n","protected":false},"excerpt":{"rendered":"<p>In unseren Statuten, g\u00fcltig ab Februar 2025, ist das Vereinsleben geregelt. Willkommen beim SAT &amp; SSV AdminDas zentrale Verwaltungssystem f\u00fcr das Schiesswesen, die ausserdienstliche T\u00e4tigkeiten und die Verbands- und Vereins- &hellip; <\/p>\n<p class=\"link-more\"><a href=\"https:\/\/www.psvaadorf.ch\/index.php\/schiesspflicht-gesetze\/\" class=\"more-link\"><span class=\"screen-reader-text\">\u201eSchiesspflicht-Gesetze\u201c<\/span> weiterlesen<\/a><\/p>\n","protected":false},"author":1,"featured_media":0,"parent":0,"menu_order":0,"comment_status":"closed","ping_status":"closed","template":"","meta":{"footnotes":""},"class_list":["post-206","page","type-page","status-publish","hentry"],"_links":{"self":[{"href":"https:\/\/www.psvaadorf.ch\/index.php\/wp-json\/wp\/v2\/pages\/206","targetHints":{"allow":["GET"]}}],"collection":[{"href":"https:\/\/www.psvaadorf.ch\/index.php\/wp-json\/wp\/v2\/pages"}],"about":[{"href":"https:\/\/www.psvaadorf.ch\/index.php\/wp-json\/wp\/v2\/types\/page"}],"author":[{"embeddable":true,"href":"https:\/\/www.psvaadorf.ch\/index.php\/wp-json\/wp\/v2\/users\/1"}],"replies":[{"embeddable":true,"href":"https:\/\/www.psvaadorf.ch\/index.php\/wp-json\/wp\/v2\/comments?post=206"}],"version-history":[{"count":12,"href":"https:\/\/www.psvaadorf.ch\/index.php\/wp-json\/wp\/v2\/pages\/206\/revisions"}],"predecessor-version":[{"id":2575,"href":"https:\/\/www.psvaadorf.ch\/index.php\/wp-json\/wp\/v2\/pages\/206\/revisions\/2575"}],"wp:attachment":[{"href":"https:\/\/www.psvaadorf.ch\/index.php\/wp-json\/wp\/v2\/media?parent=206"}],"curies":[{"name":"wp","href":"https:\/\/api.w.org\/{rel}","templated":true}]}}