{"id":170,"date":"2020-05-20T16:18:19","date_gmt":"2020-05-20T14:18:19","guid":{"rendered":"https:\/\/new.psvaadorf.ch\/?page_id=170"},"modified":"2025-03-14T10:56:51","modified_gmt":"2025-03-14T09:56:51","slug":"verein-psv-aadorf","status":"publish","type":"page","link":"https:\/\/www.psvaadorf.ch\/index.php\/verein-psv-aadorf\/","title":{"rendered":"Verein PSV Aadorf"},"content":{"rendered":"<p>Am 10. Februar 1955 wurde der Pistolensch\u00fctzenverein Aadorf durch die Pistolengruppe der Sch\u00fctzengesellschaft Aadorf gegr\u00fcndet. In all den Jahren konnten wir nicht nur eine neue Schiessanlage beziehen, sondern auch immer mehr Mitglieder \u00fcben heute den Schiesssport in unserem Verein aus.<\/p>\n<p>Das Vereinsleben ist mit den <a href=\"https:\/\/www.psvaadorf.ch\/wp-content\/uploads\/2025-PSV-Aadorf-Statuten-genehmigt_web.pdf\" target=\"_blank\" rel=\"noopener\" data-wplink-edit=\"true\">Statuten<\/a> vom Februar 2025 geregelt.<\/p>\n\n\n<figure class=\"wp-block-gallery has-nested-images columns-default is-cropped wp-block-gallery-1 is-layout-flex wp-block-gallery-is-layout-flex\">\n<figure class=\"wp-block-image size-large\"><img loading=\"lazy\" decoding=\"async\" width=\"300\" height=\"225\" data-id=\"181\" src=\"https:\/\/www.psvaadorf.ch\/wp-content\/uploads\/schiessanlage25_alt.jpg\" alt=\"\" class=\"wp-image-181\"\/><figcaption class=\"wp-element-caption\">Historische Anlage<\/figcaption><\/figure>\n\n\n\n<figure class=\"wp-block-image size-large\"><img loading=\"lazy\" decoding=\"async\" width=\"300\" height=\"225\" data-id=\"182\" src=\"https:\/\/www.psvaadorf.ch\/wp-content\/uploads\/schuetzenhaus_alt.jpg\" alt=\"\" class=\"wp-image-182\"\/><figcaption class=\"wp-element-caption\">Altes Sch\u00fctzenhaus<\/figcaption><\/figure>\n\n\n\n<figure class=\"wp-block-image size-large\"><img loading=\"lazy\" decoding=\"async\" width=\"300\" height=\"225\" data-id=\"180\" src=\"https:\/\/www.psvaadorf.ch\/wp-content\/uploads\/schuetzenhaus_stellungen.jpg\" alt=\"\" class=\"wp-image-180\"\/><figcaption class=\"wp-element-caption\">Neues Sch\u00fctzenhaus<br>10m \/ 25m \/ 300m<\/figcaption><\/figure>\n<\/figure>\n\n\n<p>Heute schiessen wir in einer modernen Schiessanlage mit 2 x 25 m Laufscheiben zu je 5 Stellungen und einer 50 m Anlage mit 8 Stellungen. Hinzu kommt noch die Luftpistolenanlage 10 m mit 8 Stellungen.<\/p>\n\n\n<div class=\"wp-block-buttons is-layout-flex wp-block-buttons-is-layout-flex\">\n<div class=\"wp-block-button\"><a class=\"wp-block-button__link wp-element-button\" href=\"https:\/\/goo.gl\/maps\/5zmjCD15WqWoRxX5A\" target=\"_blank\" rel=\"noreferrer noopener\">Standort Sch\u00fctzenhaus Steig<\/a><\/div>\n<\/div>\n\n\n\n<p><\/p>\n","protected":false},"excerpt":{"rendered":"<p>Am 10. Februar 1955 wurde der Pistolensch\u00fctzenverein Aadorf durch die Pistolengruppe der Sch\u00fctzengesellschaft Aadorf gegr\u00fcndet. In all den Jahren konnten wir nicht nur eine neue Schiessanlage beziehen, sondern auch immer &hellip; <\/p>\n<p class=\"link-more\"><a href=\"https:\/\/www.psvaadorf.ch\/index.php\/verein-psv-aadorf\/\" class=\"more-link\"><span class=\"screen-reader-text\">\u201eVerein PSV Aadorf\u201c<\/span> weiterlesen<\/a><\/p>\n","protected":false},"author":1,"featured_media":193,"parent":0,"menu_order":0,"comment_status":"closed","ping_status":"closed","template":"","meta":{"footnotes":""},"class_list":["post-170","page","type-page","status-publish","has-post-thumbnail","hentry"],"_links":{"self":[{"href":"https:\/\/www.psvaadorf.ch\/index.php\/wp-json\/wp\/v2\/pages\/170","targetHints":{"allow":["GET"]}}],"collection":[{"href":"https:\/\/www.psvaadorf.ch\/index.php\/wp-json\/wp\/v2\/pages"}],"about":[{"href":"https:\/\/www.psvaadorf.ch\/index.php\/wp-json\/wp\/v2\/types\/page"}],"author":[{"embeddable":true,"href":"https:\/\/www.psvaadorf.ch\/index.php\/wp-json\/wp\/v2\/users\/1"}],"replies":[{"embeddable":true,"href":"https:\/\/www.psvaadorf.ch\/index.php\/wp-json\/wp\/v2\/comments?post=170"}],"version-history":[{"count":13,"href":"https:\/\/www.psvaadorf.ch\/index.php\/wp-json\/wp\/v2\/pages\/170\/revisions"}],"predecessor-version":[{"id":2571,"href":"https:\/\/www.psvaadorf.ch\/index.php\/wp-json\/wp\/v2\/pages\/170\/revisions\/2571"}],"wp:featuredmedia":[{"embeddable":true,"href":"https:\/\/www.psvaadorf.ch\/index.php\/wp-json\/wp\/v2\/media\/193"}],"wp:attachment":[{"href":"https:\/\/www.psvaadorf.ch\/index.php\/wp-json\/wp\/v2\/media?parent=170"}],"curies":[{"name":"wp","href":"https:\/\/api.w.org\/{rel}","templated":true}]}}